{"id":870,"date":"2021-12-14T03:11:47","date_gmt":"2021-12-14T03:11:47","guid":{"rendered":"https:\/\/blockart-agency.sites.qsandbox.com\/?post_type=product&#038;p=870"},"modified":"2025-11-25T13:30:11","modified_gmt":"2025-11-25T13:30:11","slug":"printed-skirt","status":"publish","type":"product","link":"https:\/\/www.david.innovaiestp.org\/index.php\/producto\/printed-skirt\/","title":{"rendered":"MacBook \u201c2021\u201d"},"content":{"rendered":"<h3 data-start=\"450\" data-end=\"483\">1. <strong data-start=\"457\" data-end=\"483\">MacBook Pro 14\u2033 (2021)<\/strong><\/h3>\n<ul data-start=\"485\" data-end=\"1977\">\n<li data-start=\"485\" data-end=\"569\">\n<p data-start=\"487\" data-end=\"569\">Usa el chip <strong data-start=\"499\" data-end=\"515\">Apple M1 Pro<\/strong> o <strong data-start=\"518\" data-end=\"528\">M1 Max<\/strong>. <span class=\"\" data-state=\"closed\"><span class=\"ms-1 inline-flex max-w-full items-center relative top-[-0.094rem] animate-[show_150ms_ease-in]\" data-testid=\"webpage-citation-pill\"><a class=\"flex h-4.5 overflow-hidden rounded-xl px-2 text-[9px] font-medium transition-colors duration-150 ease-in-out text-token-text-secondary! bg-[#F4F4F4]! dark:bg-[#303030]!\" href=\"https:\/\/support.apple.com\/es-la\/111902?utm_source=chatgpt.com\" target=\"_blank\" rel=\"noopener\"><span class=\"relative start-0 bottom-0 flex h-full w-full items-center\"><span class=\"flex h-4 w-full items-center justify-between\"><span class=\"max-w-[15ch] grow truncate overflow-hidden text-center\">Soporte de Apple<\/span><span class=\"-me-1 flex h-full items-center rounded-full px-1 text-[#8F8F8F]\">+2<\/span><\/span><span class=\"flex h-4 w-full items-center justify-between absolute\"><span class=\"max-w-[15ch] grow truncate overflow-hidden text-center\">TechRadar<\/span><span class=\"-me-1 flex h-full items-center rounded-full px-1 text-[#8F8F8F]\">+2<\/span><\/span><\/span><\/a><\/span><\/span><\/p>\n<\/li>\n<li data-start=\"570\" data-end=\"796\">\n<p data-start=\"572\" data-end=\"601\">Configuraciones de CPU \/ GPU:<\/p>\n<ul data-start=\"604\" data-end=\"796\">\n<li data-start=\"604\" data-end=\"700\">\n<p data-start=\"606\" data-end=\"700\">M1 Pro: CPU de 8 u 10 n\u00facleos, GPU de 14 o 16 n\u00facleos. <span class=\"\" data-state=\"closed\"><span class=\"ms-1 inline-flex max-w-full items-center relative top-[-0.094rem] animate-[show_150ms_ease-in]\" data-testid=\"webpage-citation-pill\"><a class=\"flex h-4.5 overflow-hidden rounded-xl px-2 text-[9px] font-medium transition-colors duration-150 ease-in-out text-token-text-secondary! bg-[#F4F4F4]! dark:bg-[#303030]!\" href=\"https:\/\/support.apple.com\/es-la\/111902?utm_source=chatgpt.com\" target=\"_blank\" rel=\"noopener\"><span class=\"relative start-0 bottom-0 flex h-full w-full items-center\"><span class=\"flex h-4 w-full items-center justify-between overflow-hidden\"><span class=\"max-w-[15ch] grow truncate overflow-hidden text-center\">Soporte de Apple<\/span><\/span><\/span><\/a><\/span><\/span><\/p>\n<\/li>\n<li data-start=\"703\" data-end=\"796\">\n<p data-start=\"705\" data-end=\"796\">M1 Max: CPU de 10 n\u00facleos, GPU de hasta 32 n\u00facleos. <span class=\"\" data-state=\"closed\"><span class=\"ms-1 inline-flex max-w-full items-center relative top-[-0.094rem] animate-[show_150ms_ease-in]\" data-testid=\"webpage-citation-pill\"><a class=\"flex h-4.5 overflow-hidden rounded-xl px-2 text-[9px] font-medium transition-colors duration-150 ease-in-out text-token-text-secondary! bg-[#F4F4F4]! dark:bg-[#303030]!\" href=\"https:\/\/support.apple.com\/es-la\/111902?utm_source=chatgpt.com\" target=\"_blank\" rel=\"noopener\"><span class=\"relative start-0 bottom-0 flex h-full w-full items-center\"><span class=\"flex h-4 w-full items-center justify-between\"><span class=\"max-w-[15ch] grow truncate overflow-hidden text-center\">Soporte de Apple<\/span><span class=\"-me-1 flex h-full items-center rounded-full px-1 text-[#8F8F8F]\">+1<\/span><\/span><\/span><\/a><\/span><\/span><\/p>\n<\/li>\n<\/ul>\n<\/li>\n<li data-start=\"797\" data-end=\"956\">\n<p data-start=\"799\" data-end=\"956\">Memoria (RAM): 16 GB de memoria unificada como base; puede subirse hasta <strong data-start=\"872\" data-end=\"881\">32 GB<\/strong> con M1 Pro o <strong data-start=\"895\" data-end=\"904\">64 GB<\/strong> con M1 Max. <span class=\"\" data-state=\"closed\"><span class=\"ms-1 inline-flex max-w-full items-center relative top-[-0.094rem] animate-[show_150ms_ease-in]\" data-testid=\"webpage-citation-pill\"><a class=\"flex h-4.5 overflow-hidden rounded-xl px-2 text-[9px] font-medium transition-colors duration-150 ease-in-out text-token-text-secondary! bg-[#F4F4F4]! dark:bg-[#303030]!\" href=\"https:\/\/support.apple.com\/es-la\/111902?utm_source=chatgpt.com\" target=\"_blank\" rel=\"noopener\"><span class=\"relative start-0 bottom-0 flex h-full w-full items-center\"><span class=\"flex h-4 w-full items-center justify-between overflow-hidden\"><span class=\"max-w-[15ch] grow truncate overflow-hidden text-center\">Soporte de Apple<\/span><\/span><\/span><\/a><\/span><\/span><\/p>\n<\/li>\n<li data-start=\"957\" data-end=\"1103\">\n<p data-start=\"959\" data-end=\"1103\">Pantalla: 14,2\u2033, con tecnolog\u00eda Mini-LED (\u201cLiquid Retina XDR\u201d), tasa de refresco adaptativa (ProMotion). <span class=\"\" data-state=\"closed\"><span class=\"ms-1 inline-flex max-w-full items-center relative top-[-0.094rem] animate-[show_150ms_ease-in]\" data-testid=\"webpage-citation-pill\"><a class=\"flex h-4.5 overflow-hidden rounded-xl px-2 text-[9px] font-medium transition-colors duration-150 ease-in-out text-token-text-secondary! bg-[#F4F4F4]! dark:bg-[#303030]!\" href=\"https:\/\/www.notebookcheck.org\/Apple-MacBook-Pro-14-2021-M1-Pro-Entry.584401.0.html?utm_source=chatgpt.com\" target=\"_blank\" rel=\"noopener\"><span class=\"relative start-0 bottom-0 flex h-full w-full items-center\"><span class=\"flex h-4 w-full items-center justify-between\"><span class=\"max-w-[15ch] grow truncate overflow-hidden text-center\">Notebookcheck<\/span><span class=\"-me-1 flex h-full items-center rounded-full px-1 text-[#8F8F8F]\">+1<\/span><\/span><\/span><\/a><\/span><\/span><\/p>\n<\/li>\n<li data-start=\"1104\" data-end=\"1220\">\n<p data-start=\"1106\" data-end=\"1220\">Almacenamiento: SSD de 512 GB como m\u00ednimo, hasta 8 TB seg\u00fan configuraci\u00f3n. <span class=\"\" data-state=\"closed\"><span class=\"ms-1 inline-flex max-w-full items-center relative top-[-0.094rem] animate-[show_150ms_ease-in]\" data-testid=\"webpage-citation-pill\"><a class=\"flex h-4.5 overflow-hidden rounded-xl px-2 text-[9px] font-medium transition-colors duration-150 ease-in-out text-token-text-secondary! bg-[#F4F4F4]! dark:bg-[#303030]!\" href=\"https:\/\/support.apple.com\/es-la\/111902?utm_source=chatgpt.com\" target=\"_blank\" rel=\"noopener\"><span class=\"relative start-0 bottom-0 flex h-full w-full items-center\"><span class=\"flex h-4 w-full items-center justify-between overflow-hidden\"><span class=\"max-w-[15ch] grow truncate overflow-hidden text-center\">Soporte de Apple<\/span><\/span><\/span><\/a><\/span><\/span><\/p>\n<\/li>\n<li data-start=\"1221\" data-end=\"1328\">\n<p data-start=\"1223\" data-end=\"1328\">Bater\u00eda: hasta <strong data-start=\"1238\" data-end=\"1250\">17 horas<\/strong> de reproducci\u00f3n de video seg\u00fan Apple. <span class=\"\" data-state=\"closed\"><span class=\"ms-1 inline-flex max-w-full items-center relative top-[-0.094rem] animate-[show_150ms_ease-in]\" data-testid=\"webpage-citation-pill\"><a class=\"flex h-4.5 overflow-hidden rounded-xl px-2 text-[9px] font-medium transition-colors duration-150 ease-in-out text-token-text-secondary! bg-[#F4F4F4]! dark:bg-[#303030]!\" href=\"https:\/\/support.apple.com\/es-la\/111902?utm_source=chatgpt.com\" target=\"_blank\" rel=\"noopener\"><span class=\"relative start-0 bottom-0 flex h-full w-full items-center\"><span class=\"flex h-4 w-full items-center justify-between overflow-hidden\"><span class=\"max-w-[15ch] grow truncate overflow-hidden text-center\">Soporte de Apple<\/span><\/span><\/span><\/a><\/span><\/span><\/p>\n<\/li>\n<li data-start=\"1329\" data-end=\"1625\">\n<p data-start=\"1331\" data-end=\"1352\">Puertos\/conectividad:<\/p>\n<ul data-start=\"1355\" data-end=\"1625\">\n<li data-start=\"1355\" data-end=\"1429\">\n<p data-start=\"1357\" data-end=\"1429\">3 puertos Thunderbolt 4 \/ USB-C. <span class=\"\" data-state=\"closed\"><span class=\"ms-1 inline-flex max-w-full items-center relative top-[-0.094rem] animate-[show_150ms_ease-in]\" data-testid=\"webpage-citation-pill\"><a class=\"flex h-4.5 overflow-hidden rounded-xl px-2 text-[9px] font-medium transition-colors duration-150 ease-in-out text-token-text-secondary! bg-[#F4F4F4]! dark:bg-[#303030]!\" href=\"https:\/\/support.apple.com\/es-la\/111902?utm_source=chatgpt.com\" target=\"_blank\" rel=\"noopener\"><span class=\"relative start-0 bottom-0 flex h-full w-full items-center\"><span class=\"flex h-4 w-full items-center justify-between overflow-hidden\"><span class=\"max-w-[15ch] grow truncate overflow-hidden text-center\">Soporte de Apple<\/span><\/span><\/span><\/a><\/span><\/span><\/p>\n<\/li>\n<li data-start=\"1432\" data-end=\"1486\">\n<p data-start=\"1434\" data-end=\"1486\">Puerto HDMI. <span class=\"\" data-state=\"closed\"><span class=\"ms-1 inline-flex max-w-full items-center relative top-[-0.094rem] animate-[show_150ms_ease-in]\" data-testid=\"webpage-citation-pill\"><a class=\"flex h-4.5 overflow-hidden rounded-xl px-2 text-[9px] font-medium transition-colors duration-150 ease-in-out text-token-text-secondary! bg-[#F4F4F4]! dark:bg-[#303030]!\" href=\"https:\/\/support.apple.com\/es-la\/111902?utm_source=chatgpt.com\" target=\"_blank\" rel=\"noopener\"><span class=\"relative start-0 bottom-0 flex h-full w-full items-center\"><span class=\"flex h-4 w-full items-center justify-between overflow-hidden\"><span class=\"max-w-[15ch] grow truncate overflow-hidden text-center\">Soporte de Apple<\/span><\/span><\/span><\/a><\/span><\/span><\/p>\n<\/li>\n<li data-start=\"1489\" data-end=\"1557\">\n<p data-start=\"1491\" data-end=\"1557\">Lector de tarjetas SDXC. <span class=\"\" data-state=\"closed\"><span class=\"ms-1 inline-flex max-w-full items-center relative top-[-0.094rem] animate-[show_150ms_ease-in]\" data-testid=\"webpage-citation-pill\"><a class=\"flex h-4.5 overflow-hidden rounded-xl px-2 text-[9px] font-medium transition-colors duration-150 ease-in-out text-token-text-secondary! bg-[#F4F4F4]! dark:bg-[#303030]!\" href=\"https:\/\/support.apple.com\/es-la\/111902?utm_source=chatgpt.com\" target=\"_blank\" rel=\"noopener\"><span class=\"relative start-0 bottom-0 flex h-full w-full items-center\"><span class=\"flex h-4 w-full items-center justify-between overflow-hidden\"><span class=\"max-w-[15ch] grow truncate overflow-hidden text-center\">Soporte de Apple<\/span><\/span><\/span><\/a><\/span><\/span><\/p>\n<\/li>\n<li data-start=\"1560\" data-end=\"1625\">\n<p data-start=\"1562\" data-end=\"1625\">MagSafe 3 para carga. <span class=\"\" data-state=\"closed\"><span class=\"ms-1 inline-flex max-w-full items-center relative top-[-0.094rem] animate-[show_150ms_ease-in]\" data-testid=\"webpage-citation-pill\"><a class=\"flex h-4.5 overflow-hidden rounded-xl px-2 text-[9px] font-medium transition-colors duration-150 ease-in-out text-token-text-secondary! bg-[#F4F4F4]! dark:bg-[#303030]!\" href=\"https:\/\/support.apple.com\/es-la\/111902?utm_source=chatgpt.com\" target=\"_blank\" rel=\"noopener\"><span class=\"relative start-0 bottom-0 flex h-full w-full items-center\"><span class=\"flex h-4 w-full items-center justify-between overflow-hidden\"><span class=\"max-w-[15ch] grow truncate overflow-hidden text-center\">Soporte de Apple<\/span><\/span><\/span><\/a><\/span><\/span><\/p>\n<\/li>\n<\/ul>\n<\/li>\n<li data-start=\"1626\" data-end=\"1696\">\n<p data-start=\"1628\" data-end=\"1696\">C\u00e1mara: FaceTime HD 1080p. <span class=\"\" data-state=\"closed\"><span class=\"ms-1 inline-flex max-w-full items-center relative top-[-0.094rem] animate-[show_150ms_ease-in]\" data-testid=\"webpage-citation-pill\"><a class=\"flex h-4.5 overflow-hidden rounded-xl px-2 text-[9px] font-medium transition-colors duration-150 ease-in-out text-token-text-secondary! bg-[#F4F4F4]! dark:bg-[#303030]!\" href=\"https:\/\/www.notebookcheck.org\/Apple-MacBook-Pro-14-2021-M1-Pro-Entry.584401.0.html?utm_source=chatgpt.com\" target=\"_blank\" rel=\"noopener\"><span class=\"relative start-0 bottom-0 flex h-full w-full items-center\"><span class=\"flex h-4 w-full items-center justify-between overflow-hidden\"><span class=\"max-w-[15ch] grow truncate overflow-hidden text-center\">Notebookcheck<\/span><\/span><\/span><\/a><\/span><\/span><\/p>\n<\/li>\n<li data-start=\"1697\" data-end=\"1790\">\n<p data-start=\"1699\" data-end=\"1790\">Conectividad inal\u00e1mbrica: Wi-Fi 6, Bluetooth 5.0. <span class=\"\" data-state=\"closed\"><span class=\"ms-1 inline-flex max-w-full items-center relative top-[-0.094rem] animate-[show_150ms_ease-in]\" data-testid=\"webpage-citation-pill\"><a class=\"flex h-4.5 overflow-hidden rounded-xl px-2 text-[9px] font-medium transition-colors duration-150 ease-in-out text-token-text-secondary! bg-[#F4F4F4]! dark:bg-[#303030]!\" href=\"https:\/\/www.notebookcheck.org\/Apple-MacBook-Pro-14-2021-M1-Pro-Entry.584401.0.html?utm_source=chatgpt.com\" target=\"_blank\" rel=\"noopener\"><span class=\"relative start-0 bottom-0 flex h-full w-full items-center\"><span class=\"flex h-4 w-full items-center justify-between overflow-hidden\"><span class=\"max-w-[15ch] grow truncate overflow-hidden text-center\">Notebookcheck<\/span><\/span><\/span><\/a><\/span><\/span><\/p>\n<\/li>\n<li data-start=\"1791\" data-end=\"1894\">\n<p data-start=\"1793\" data-end=\"1894\">Audio: sistema de 6 bocinas, micr\u00f3fonos de calidad estudio. <span class=\"\" data-state=\"closed\"><span class=\"ms-1 inline-flex max-w-full items-center relative top-[-0.094rem] animate-[show_150ms_ease-in]\" data-testid=\"webpage-citation-pill\"><a class=\"flex h-4.5 overflow-hidden rounded-xl px-2 text-[9px] font-medium transition-colors duration-150 ease-in-out text-token-text-secondary! bg-[#F4F4F4]! dark:bg-[#303030]!\" href=\"https:\/\/support.apple.com\/es-es\/111901?utm_source=chatgpt.com\" target=\"_blank\" rel=\"noopener\"><span class=\"relative start-0 bottom-0 flex h-full w-full items-center\"><span class=\"flex h-4 w-full items-center justify-between overflow-hidden\"><span class=\"max-w-[15ch] grow truncate overflow-hidden text-center\">Soporte de Apple<\/span><\/span><\/span><\/a><\/span><\/span><\/p>\n<\/li>\n<li data-start=\"1895\" data-end=\"1977\">\n<p data-start=\"1897\" data-end=\"1977\">Dise\u00f1o: carcasa de aluminio reciclado. <span class=\"\" data-state=\"closed\"><span class=\"ms-1 inline-flex max-w-full items-center relative top-[-0.094rem] animate-[show_150ms_ease-in]\" data-testid=\"webpage-citation-pill\"><a class=\"flex h-4.5 overflow-hidden rounded-xl px-2 text-[9px] font-medium transition-colors duration-150 ease-in-out text-token-text-secondary! bg-[#F4F4F4]! dark:bg-[#303030]!\" href=\"https:\/\/support.apple.com\/es-la\/111902?utm_source=chatgpt.com\" target=\"_blank\" rel=\"noopener\"><span class=\"relative start-0 bottom-0 flex h-full w-full items-center\"><span class=\"flex h-4 w-full items-center justify-between overflow-hidden\"><span class=\"max-w-[15ch] grow truncate overflow-hidden text-center\">Soporte de Apple<\/span><\/span><\/span><\/a><\/span><\/span><\/p>\n<\/li>\n<\/ul>\n","protected":false},"excerpt":{"rendered":"<p>There are many variations of passages of Lorem Ipsum available, but the majority have suffered alteration in some form, by injected humour, or randomised words which don\u2019t look even slightly believable. If you are going to use a passage of Lorem Ipsum, you need to be sure there isn\u2019t anything embarrassing hidden in the middle of text. All the Lorem Ipsum generators on the Internet tend to repeat predefined chunks as necessary, making this the first true generator on the Internet. It uses a dictionary of over 200 Latin words, combined with a handful of model sentence structures, to generate Lorem Ipsum which looks reasonable. The generated Lorem Ipsum is therefore always free from repetition, injected humour, or non-characteristic words etc.<\/p>\n","protected":false},"featured_media":1161,"comment_status":"open","ping_status":"closed","template":"","meta":{"site-sidebar-layout":"default","site-content-layout":"","ast-site-content-layout":"default","site-content-style":"default","site-sidebar-style":"default","ast-global-header-display":"","ast-banner-title-visibility":"","ast-main-header-display":"","ast-hfb-above-header-display":"","ast-hfb-below-header-display":"","ast-hfb-mobile-header-display":"","site-post-title":"","ast-breadcrumbs-content":"","ast-featured-img":"","footer-sml-layout":"","theme-transparent-header-meta":"default","adv-header-id-meta":"","stick-header-meta":"","header-above-stick-meta":"","header-main-stick-meta":"","header-below-stick-meta":"","astra-migrate-meta-layouts":"set","ast-page-background-enabled":"default","ast-page-background-meta":{"desktop":{"background-color":"var(--ast-global-color-5)","background-image":"","background-repeat":"repeat","background-position":"center center","background-size":"auto","background-attachment":"scroll","background-type":"","background-media":"","overlay-type":"","overlay-color":"","overlay-opacity":"","overlay-gradient":""},"tablet":{"background-color":"","background-image":"","background-repeat":"repeat","background-position":"center center","background-size":"auto","background-attachment":"scroll","background-type":"","background-media":"","overlay-type":"","overlay-color":"","overlay-opacity":"","overlay-gradient":""},"mobile":{"background-color":"","background-image":"","background-repeat":"repeat","background-position":"center center","background-size":"auto","background-attachment":"scroll","background-type":"","background-media":"","overlay-type":"","overlay-color":"","overlay-opacity":"","overlay-gradient":""}},"ast-content-background-meta":{"desktop":{"background-color":"var(--ast-global-color-4)","background-image":"","background-repeat":"repeat","background-position":"center center","background-size":"auto","background-attachment":"scroll","background-type":"","background-media":"","overlay-type":"","overlay-color":"","overlay-opacity":"","overlay-gradient":""},"tablet":{"background-color":"var(--ast-global-color-4)","background-image":"","background-repeat":"repeat","background-position":"center center","background-size":"auto","background-attachment":"scroll","background-type":"","background-media":"","overlay-type":"","overlay-color":"","overlay-opacity":"","overlay-gradient":""},"mobile":{"background-color":"var(--ast-global-color-4)","background-image":"","background-repeat":"repeat","background-position":"center center","background-size":"auto","background-attachment":"scroll","background-type":"","background-media":"","overlay-type":"","overlay-color":"","overlay-opacity":"","overlay-gradient":""}}},"product_brand":[],"product_cat":[19],"product_tag":[],"class_list":{"0":"post-870","1":"product","2":"type-product","3":"status-publish","4":"has-post-thumbnail","6":"product_cat-clothes","7":"desktop-align-left","8":"tablet-align-left","9":"mobile-align-left","11":"first","12":"instock","13":"sale","14":"purchasable","15":"product-type-simple"},"_links":{"self":[{"href":"https:\/\/www.david.innovaiestp.org\/index.php\/wp-json\/wp\/v2\/product\/870","targetHints":{"allow":["GET"]}}],"collection":[{"href":"https:\/\/www.david.innovaiestp.org\/index.php\/wp-json\/wp\/v2\/product"}],"about":[{"href":"https:\/\/www.david.innovaiestp.org\/index.php\/wp-json\/wp\/v2\/types\/product"}],"replies":[{"embeddable":true,"href":"https:\/\/www.david.innovaiestp.org\/index.php\/wp-json\/wp\/v2\/comments?post=870"}],"wp:featuredmedia":[{"embeddable":true,"href":"https:\/\/www.david.innovaiestp.org\/index.php\/wp-json\/wp\/v2\/media\/1161"}],"wp:attachment":[{"href":"https:\/\/www.david.innovaiestp.org\/index.php\/wp-json\/wp\/v2\/media?parent=870"}],"wp:term":[{"taxonomy":"product_brand","embeddable":true,"href":"https:\/\/www.david.innovaiestp.org\/index.php\/wp-json\/wp\/v2\/product_brand?post=870"},{"taxonomy":"product_cat","embeddable":true,"href":"https:\/\/www.david.innovaiestp.org\/index.php\/wp-json\/wp\/v2\/product_cat?post=870"},{"taxonomy":"product_tag","embeddable":true,"href":"https:\/\/www.david.innovaiestp.org\/index.php\/wp-json\/wp\/v2\/product_tag?post=870"}],"curies":[{"name":"wp","href":"https:\/\/api.w.org\/{rel}","templated":true}]}}